{"id":687,"date":"2026-02-09T13:51:54","date_gmt":"2026-02-09T13:51:54","guid":{"rendered":"https:\/\/test.enhydra-games.com\/?page_id=687"},"modified":"2026-04-21T10:30:52","modified_gmt":"2026-04-21T10:30:52","slug":"business","status":"publish","type":"page","link":"https:\/\/www.enhydra-games.com\/de_AT\/business\/","title":{"rendered":"Business"},"content":{"rendered":"<div style=\"height:25px\" aria-hidden=\"true\" class=\"wp-block-spacer\"><\/div>\n\n\n\n<div class=\"wp-block-group is-layout-constrained wp-block-group-is-layout-constrained\">\n<div class=\"wp-block-group dl-dark-neglect dark-bg-color has-white-background-color has-background is-layout-constrained wp-container-core-group-is-layout-9cf4a2b8 wp-block-group-is-layout-constrained\" style=\"margin-top:0;margin-bottom:0;padding-top:var(--wp--preset--spacing--60);padding-right:var(--wp--preset--spacing--60);padding-bottom:var(--wp--preset--spacing--60);padding-left:var(--wp--preset--spacing--60)\">\n<h3 class=\"wp-block-heading has-text-align-center dl-dark-neglect dark-bg-color has-background-color has-text-color has-link-color wp-elements-6e4c3c78c9abda4f156d2e18dcc23b2d\">Enhydra Games ist in einer Vielzahl unterschiedlicher Bereiche t\u00e4tig, grob unterteilt in:<\/h3>\n\n\n\n<div class=\"wp-block-group dl-dark-neglect dark-bg-color is-layout-grid wp-container-core-group-is-layout-d8b4bdad wp-block-group-is-layout-grid\" style=\"margin-bottom:var(--wp--preset--spacing--70)\">\n<div class=\"wp-block-group dl-dark-neglect darkest-bg-color has-background-background-color has-background is-nowrap is-layout-flex wp-container-core-group-is-layout-c0743c59 wp-block-group-is-layout-flex\" style=\"border-top-left-radius:7px;border-top-right-radius:7px;border-bottom-left-radius:7px;border-bottom-right-radius:7px;min-height:0px;padding-top:var(--wp--preset--spacing--50);padding-right:var(--wp--preset--spacing--50);padding-bottom:var(--wp--preset--spacing--50);padding-left:var(--wp--preset--spacing--50)\">\n<p class=\"has-text-align-center has-white-color has-text-color has-link-color has-bebas-neue-font-family has-large-font-size wp-elements-ec6a1a9c0d87ba846ee8375a48b0e1ff wp-container-content-9cfa9a5a\" style=\"border-top-left-radius:7px;border-top-right-radius:7px;border-bottom-left-radius:7px;border-bottom-right-radius:7px;font-style:normal;font-weight:400\">Auftragsarbeit im Kreativsektor<\/p>\n<\/div>\n\n\n\n<div class=\"wp-block-group dl-dark-neglect darkest-bg-color has-background-background-color has-background is-nowrap is-layout-flex wp-container-core-group-is-layout-c0743c59 wp-block-group-is-layout-flex\" style=\"border-top-left-radius:7px;border-top-right-radius:7px;border-bottom-left-radius:7px;border-bottom-right-radius:7px;min-height:0px;padding-top:var(--wp--preset--spacing--50);padding-right:var(--wp--preset--spacing--50);padding-bottom:var(--wp--preset--spacing--50);padding-left:var(--wp--preset--spacing--50)\">\n<p class=\"has-text-align-center has-white-color has-text-color has-link-color has-bebas-neue-font-family has-large-font-size wp-elements-bee83a50c82890d113fea81b411bc82e wp-container-content-9cfa9a5a\" style=\"border-top-left-radius:7px;border-top-right-radius:7px;border-bottom-left-radius:7px;border-bottom-right-radius:7px;font-style:normal;font-weight:400\">Auftragsarbeit f\u00fcr die Industrie<\/p>\n<\/div>\n\n\n\n<div class=\"wp-block-group dl-dark-neglect darkest-bg-color has-background-background-color has-background wp-container-content-76a1cf41 is-nowrap is-layout-flex wp-container-core-group-is-layout-c0743c59 wp-block-group-is-layout-flex\" style=\"border-top-left-radius:7px;border-top-right-radius:7px;border-bottom-left-radius:7px;border-bottom-right-radius:7px;min-height:0px;padding-top:var(--wp--preset--spacing--50);padding-right:var(--wp--preset--spacing--50);padding-bottom:var(--wp--preset--spacing--50);padding-left:var(--wp--preset--spacing--50)\">\n<p class=\"has-text-align-center has-white-color has-text-color has-link-color has-bebas-neue-font-family has-large-font-size wp-elements-7a52efd8658a2f8f6011437132e58e61 wp-container-content-9cfa9a5a\" style=\"border-top-left-radius:7px;border-top-right-radius:7px;border-bottom-left-radius:7px;border-bottom-right-radius:7px;font-style:normal;font-weight:400\">Kooperationen<\/p>\n<\/div>\n\n\n\n<div class=\"wp-block-group dl-dark-neglect darkest-bg-color has-background-background-color has-background is-nowrap is-layout-flex wp-container-core-group-is-layout-65fe999b wp-block-group-is-layout-flex\" style=\"border-top-left-radius:7px;border-top-right-radius:7px;border-bottom-left-radius:7px;border-bottom-right-radius:7px;padding-top:var(--wp--preset--spacing--50);padding-right:var(--wp--preset--spacing--50);padding-bottom:var(--wp--preset--spacing--50);padding-left:var(--wp--preset--spacing--50)\">\n<p class=\"has-text-align-center has-white-color has-text-color has-link-color has-bebas-neue-font-family has-large-font-size wp-elements-885ca4fa4af7cc2e38c45ae453a1c25d wp-container-content-9cfa9a5a\" style=\"border-top-left-radius:7px;border-top-right-radius:7px;border-bottom-left-radius:7px;border-bottom-right-radius:7px;font-style:normal;font-weight:400\">Forschung und experimentelle Entwicklung<\/p>\n<\/div>\n<\/div>\n\n\n\n<p class=\"dl-dark-neglect dark-bg-color\" style=\"font-size:1.3rem\">Im Bereich der Arbeit f\u00fcr Kunden aus der Industrie haben wir uns auf die Anwendung der neuesten Technologien der Spieleentwicklung in nicht computerspielebezogenen Bereichen spezialisiert. Dadurch konnten wir Aufl\u00f6sungen erh\u00f6hen und Rechenzeiten verringern, Animationen und Visualisierungen zur Laufzeit generieren, anstatt sie vorab rendern zu m\u00fcssen, und Anwendungen entwickeln, die gleicherma\u00dfen f\u00fcr Schulungen, das Rendern von Produktvideos sowie die Simulation physikalischer Verhaltensweisen genutzt werden k\u00f6nnen.<\/p>\n<\/div>\n\n\n\n<div style=\"height:50px\" aria-hidden=\"true\" class=\"wp-block-spacer\"><\/div>\n\n\n\n<h2 class=\"wp-block-heading\">Kunden f\u00fcr die wir bereits t\u00e4tig sein durften:<br><\/h2>\n<\/div>\n\n\n\n<div class=\"wp-block-group dl-dark-neglect white-bg has-white-background-color has-background is-layout-constrained wp-container-core-group-is-layout-f4ceb0c3 wp-block-group-is-layout-constrained\" style=\"border-top-left-radius:0px;border-top-right-radius:0px;border-bottom-left-radius:0px;border-bottom-right-radius:0px;margin-top:0;margin-bottom:0;padding-right:var(--wp--preset--spacing--50);padding-left:var(--wp--preset--spacing--50)\">\n<div class=\"wp-block-cb-carousel-v2 alignfull cb-carousel-block dl-dark-neglect white-bg\" data-cb-slides-per-view=\"1\" data-cb-slides-per-group=\"1\" data-cb-space-between=\"45\" data-cb-speed=\"300\" data-cb-loop=\"true\" data-cb-autoplay=\"true\" data-cb-autoplay-speed=\"2000\" data-cb-breakpoints=\"{&quot;768&quot;:{&quot;slidesPerView&quot;:6,&quot;slidesPerGroup&quot;:1}}\"><div class=\"swiper\"><div class=\"cb-wrapper swiper-wrapper\">\n<div class=\"wp-block-cb-slide-v2 cb-slide swiper-slide dl-dark-neglect white-bg\">\n<figure class=\"wp-block-image aligncenter size-large is-resized dl-dark-neglect\" style=\"margin-right:0;margin-left:0\"><a href=\"https:\/\/www.strabag.com\" target=\"_blank\" rel=\" noreferrer noopener\"><img loading=\"lazy\" decoding=\"async\" width=\"924\" height=\"625\" src=\"https:\/\/test.enhydra-games.com\/wp-content\/uploads\/2026\/02\/Strabag-logo-011.png\" alt=\"Strabag\" class=\"wp-image-867\" style=\"object-fit:contain;width:200px;height:150px\" srcset=\"https:\/\/www.enhydra-games.com\/wp-content\/uploads\/2026\/02\/Strabag-logo-011.png 924w, https:\/\/www.enhydra-games.com\/wp-content\/uploads\/2026\/02\/Strabag-logo-011-300x203.png 300w, https:\/\/www.enhydra-games.com\/wp-content\/uploads\/2026\/02\/Strabag-logo-011-768x519.png 768w, https:\/\/www.enhydra-games.com\/wp-content\/uploads\/2026\/02\/Strabag-logo-011-18x12.png 18w\" sizes=\"auto, (max-width: 924px) 100vw, 924px\" \/><\/a><\/figure>\n<\/div>\n\n\n\n<div class=\"wp-block-cb-slide-v2 cb-slide swiper-slide dl-dark-neglect white-bg\">\n<figure class=\"wp-block-image aligncenter size-large is-resized dl-dark-neglect white-bg\"><a href=\"https:\/\/www.sysmex.co.jp\" target=\"_blank\" rel=\" noreferrer noopener\"><img loading=\"lazy\" decoding=\"async\" width=\"434\" height=\"132\" src=\"https:\/\/test.enhydra-games.com\/wp-content\/uploads\/2026\/02\/index_text041.jpg\" alt=\"Sysmex\" class=\"wp-image-871\" style=\"object-fit:contain;width:200px;height:150px\" srcset=\"https:\/\/www.enhydra-games.com\/wp-content\/uploads\/2026\/02\/index_text041.jpg 434w, https:\/\/www.enhydra-games.com\/wp-content\/uploads\/2026\/02\/index_text041-300x91.jpg 300w, https:\/\/www.enhydra-games.com\/wp-content\/uploads\/2026\/02\/index_text041-18x5.jpg 18w\" sizes=\"auto, (max-width: 434px) 100vw, 434px\" \/><\/a><\/figure>\n<\/div>\n\n\n\n<div class=\"wp-block-cb-slide-v2 cb-slide swiper-slide dl-dark-neglect white-bg\">\n<figure class=\"wp-block-image aligncenter size-large is-resized dl-dark-neglect white-bg\"><a href=\"https:\/\/www.post.at\/\" target=\"_blank\" rel=\" noreferrer noopener\"><img loading=\"lazy\" decoding=\"async\" width=\"301\" height=\"167\" src=\"https:\/\/test.enhydra-games.com\/wp-content\/uploads\/2026\/02\/images1.png\" alt=\"Post\" class=\"wp-image-869\" style=\"object-fit:contain;width:200px;height:150px\" srcset=\"https:\/\/www.enhydra-games.com\/wp-content\/uploads\/2026\/02\/images1.png 301w, https:\/\/www.enhydra-games.com\/wp-content\/uploads\/2026\/02\/images1-18x10.png 18w\" sizes=\"auto, (max-width: 301px) 100vw, 301px\" \/><\/a><\/figure>\n<\/div>\n\n\n\n<div class=\"wp-block-cb-slide-v2 cb-slide swiper-slide dl-dark-neglect white-bg\">\n<figure class=\"wp-block-image aligncenter size-large is-resized dl-dark-neglect white-bg\"><a href=\"https:\/\/www.taxi40100.at\" target=\"_blank\" rel=\" noreferrer noopener\"><img loading=\"lazy\" decoding=\"async\" width=\"1024\" height=\"233\" src=\"https:\/\/test.enhydra-games.com\/wp-content\/uploads\/2026\/03\/Taxi40100-Logo_4C-1024x233.jpg\" alt=\"Taxi 40100\" class=\"wp-image-1110\" style=\"object-fit:contain;width:200px;height:150px\" srcset=\"https:\/\/www.enhydra-games.com\/wp-content\/uploads\/2026\/03\/Taxi40100-Logo_4C-1024x233.jpg 1024w, https:\/\/www.enhydra-games.com\/wp-content\/uploads\/2026\/03\/Taxi40100-Logo_4C-300x68.jpg 300w, https:\/\/www.enhydra-games.com\/wp-content\/uploads\/2026\/03\/Taxi40100-Logo_4C-768x175.jpg 768w, https:\/\/www.enhydra-games.com\/wp-content\/uploads\/2026\/03\/Taxi40100-Logo_4C-1536x349.jpg 1536w, https:\/\/www.enhydra-games.com\/wp-content\/uploads\/2026\/03\/Taxi40100-Logo_4C-2048x465.jpg 2048w, https:\/\/www.enhydra-games.com\/wp-content\/uploads\/2026\/03\/Taxi40100-Logo_4C-18x4.jpg 18w\" sizes=\"auto, (max-width: 1024px) 100vw, 1024px\" \/><\/a><\/figure>\n<\/div>\n\n\n\n<div class=\"wp-block-cb-slide-v2 cb-slide swiper-slide dl-dark-neglect white-bg\">\n<figure class=\"wp-block-image aligncenter size-large is-resized dl-dark-neglect white-bg\"><a href=\"https:\/\/www.ode.or.at\/\" target=\"_blank\" rel=\" noreferrer noopener\"><img loading=\"lazy\" decoding=\"async\" width=\"729\" height=\"390\" src=\"https:\/\/test.enhydra-games.com\/wp-content\/uploads\/2026\/02\/ode-logo1.png\" alt=\"ODE\" class=\"wp-image-868\" style=\"object-fit:contain;width:200px;height:150px\" srcset=\"https:\/\/www.enhydra-games.com\/wp-content\/uploads\/2026\/02\/ode-logo1.png 729w, https:\/\/www.enhydra-games.com\/wp-content\/uploads\/2026\/02\/ode-logo1-300x160.png 300w, https:\/\/www.enhydra-games.com\/wp-content\/uploads\/2026\/02\/ode-logo1-18x10.png 18w\" sizes=\"auto, (max-width: 729px) 100vw, 729px\" \/><\/a><\/figure>\n<\/div>\n\n\n\n<div class=\"wp-block-cb-slide-v2 cb-slide swiper-slide dl-dark-neglect white-bg\">\n<figure class=\"wp-block-image aligncenter size-large is-resized dl-dark-neglect white-bg\"><a href=\"https:\/\/www.palfinger.com\" target=\"_blank\" rel=\" noreferrer noopener\"><img loading=\"lazy\" decoding=\"async\" width=\"900\" height=\"500\" src=\"https:\/\/test.enhydra-games.com\/wp-content\/uploads\/2026\/02\/palfinger-vector-logo1.png\" alt=\"Palfinger\" class=\"wp-image-870\" style=\"object-fit:contain;width:200px;height:150px\" srcset=\"https:\/\/www.enhydra-games.com\/wp-content\/uploads\/2026\/02\/palfinger-vector-logo1.png 900w, https:\/\/www.enhydra-games.com\/wp-content\/uploads\/2026\/02\/palfinger-vector-logo1-300x167.png 300w, https:\/\/www.enhydra-games.com\/wp-content\/uploads\/2026\/02\/palfinger-vector-logo1-768x427.png 768w, https:\/\/www.enhydra-games.com\/wp-content\/uploads\/2026\/02\/palfinger-vector-logo1-18x10.png 18w\" sizes=\"auto, (max-width: 900px) 100vw, 900px\" \/><\/a><\/figure>\n<\/div>\n\n\n\n<div class=\"wp-block-cb-slide-v2 cb-slide swiper-slide dl-dark-neglect white-bg\">\n<figure class=\"wp-block-image aligncenter size-large is-resized dl-dark-neglect white-bg\"><a href=\"https:\/\/www.danube-dynamics.at\/\" target=\"_blank\" rel=\" noreferrer noopener\"><img loading=\"lazy\" decoding=\"async\" width=\"500\" height=\"300\" src=\"https:\/\/test.enhydra-games.com\/wp-content\/uploads\/2026\/03\/csm_Logo_DanubeDynamics_MBG_25_52e6736ce1.png\" alt=\"Danube Dynamics\" class=\"wp-image-1111\" style=\"object-fit:contain;width:200px;height:150px\" srcset=\"https:\/\/www.enhydra-games.com\/wp-content\/uploads\/2026\/03\/csm_Logo_DanubeDynamics_MBG_25_52e6736ce1.png 500w, https:\/\/www.enhydra-games.com\/wp-content\/uploads\/2026\/03\/csm_Logo_DanubeDynamics_MBG_25_52e6736ce1-300x180.png 300w, https:\/\/www.enhydra-games.com\/wp-content\/uploads\/2026\/03\/csm_Logo_DanubeDynamics_MBG_25_52e6736ce1-18x12.png 18w\" sizes=\"auto, (max-width: 500px) 100vw, 500px\" \/><\/a><\/figure>\n<\/div>\n\n\n\n<div class=\"wp-block-cb-slide-v2 cb-slide swiper-slide dl-dark-neglect white-bg\">\n<figure class=\"wp-block-image aligncenter size-full is-resized dl-dark-neglect white-bg\"><a href=\"https:\/\/www.unglue.studio\/\" target=\"_blank\" rel=\" noreferrer noopener\"><img loading=\"lazy\" decoding=\"async\" width=\"200\" height=\"200\" src=\"https:\/\/test.enhydra-games.com\/wp-content\/uploads\/2026\/04\/UnglueLogo.png\" alt=\"\" class=\"wp-image-1365\" style=\"object-fit:contain;width:200px;height:150px\" srcset=\"https:\/\/www.enhydra-games.com\/wp-content\/uploads\/2026\/04\/UnglueLogo.png 200w, https:\/\/www.enhydra-games.com\/wp-content\/uploads\/2026\/04\/UnglueLogo-150x150.png 150w, https:\/\/www.enhydra-games.com\/wp-content\/uploads\/2026\/04\/UnglueLogo-12x12.png 12w\" sizes=\"auto, (max-width: 200px) 100vw, 200px\" \/><\/a><\/figure>\n<\/div>\n\n\n\n<div class=\"wp-block-cb-slide-v2 cb-slide swiper-slide dl-dark-neglect white-bg\">\n<figure class=\"wp-block-image aligncenter size-large is-resized dl-dark-neglect white-bg\"><a href=\"https:\/\/www.rowinc.studio\/\" target=\"_blank\" rel=\" noreferrer noopener\"><img loading=\"lazy\" decoding=\"async\" width=\"1024\" height=\"120\" src=\"https:\/\/test.enhydra-games.com\/wp-content\/uploads\/2026\/02\/rowinc-primary-logo-black-rgb-2000px-w-300ppi1-1024x120.webp\" alt=\"Row Inc.\" class=\"wp-image-872\" style=\"object-fit:contain;width:200px;height:150px\" srcset=\"https:\/\/www.enhydra-games.com\/wp-content\/uploads\/2026\/02\/rowinc-primary-logo-black-rgb-2000px-w-300ppi1-1024x120.webp 1024w, https:\/\/www.enhydra-games.com\/wp-content\/uploads\/2026\/02\/rowinc-primary-logo-black-rgb-2000px-w-300ppi1-300x35.webp 300w, https:\/\/www.enhydra-games.com\/wp-content\/uploads\/2026\/02\/rowinc-primary-logo-black-rgb-2000px-w-300ppi1-768x90.webp 768w, https:\/\/www.enhydra-games.com\/wp-content\/uploads\/2026\/02\/rowinc-primary-logo-black-rgb-2000px-w-300ppi1-18x2.webp 18w, https:\/\/www.enhydra-games.com\/wp-content\/uploads\/2026\/02\/rowinc-primary-logo-black-rgb-2000px-w-300ppi1.webp 1500w\" sizes=\"auto, (max-width: 1024px) 100vw, 1024px\" \/><\/a><\/figure>\n<\/div>\n\n\n\n<div class=\"wp-block-cb-slide-v2 cb-slide swiper-slide dl-dark-neglect white-bg\">\n<figure class=\"wp-block-image aligncenter size-large is-resized dl-dark-neglect white-bg\"><a href=\"https:\/\/platzquartier.at\/\" target=\"_blank\" rel=\" noreferrer noopener\"><img loading=\"lazy\" decoding=\"async\" width=\"330\" height=\"153\" src=\"https:\/\/test.enhydra-games.com\/wp-content\/uploads\/2026\/02\/images1-1.png\" alt=\"Platzquartier\" class=\"wp-image-873\" style=\"object-fit:contain;width:200px;height:150px\" srcset=\"https:\/\/www.enhydra-games.com\/wp-content\/uploads\/2026\/02\/images1-1.png 330w, https:\/\/www.enhydra-games.com\/wp-content\/uploads\/2026\/02\/images1-1-300x139.png 300w, https:\/\/www.enhydra-games.com\/wp-content\/uploads\/2026\/02\/images1-1-18x8.png 18w\" sizes=\"auto, (max-width: 330px) 100vw, 330px\" \/><\/a><\/figure>\n<\/div>\n<\/div><\/div><\/div>\n<\/div>","protected":false},"excerpt":{"rendered":"<p>Enhydra Games is active in a variety of different fields, broadly grouped into: Creative work for hire Industrial work for hire Co-operations Research &amp; Development In the field of industrial work, we bring new cutting-edge technologies from the video game sector to help solve existing technological problems. Improving performance and resolutions, allowing for animations and [&hellip;]<\/p>\n","protected":false},"author":1,"featured_media":0,"parent":0,"menu_order":0,"comment_status":"closed","ping_status":"closed","template":"","meta":{"footnotes":""},"class_list":["post-687","page","type-page","status-publish","hentry"],"jetpack_sharing_enabled":true,"_links":{"self":[{"href":"https:\/\/www.enhydra-games.com\/de_AT\/wp-json\/wp\/v2\/pages\/687","targetHints":{"allow":["GET"]}}],"collection":[{"href":"https:\/\/www.enhydra-games.com\/de_AT\/wp-json\/wp\/v2\/pages"}],"about":[{"href":"https:\/\/www.enhydra-games.com\/de_AT\/wp-json\/wp\/v2\/types\/page"}],"author":[{"embeddable":true,"href":"https:\/\/www.enhydra-games.com\/de_AT\/wp-json\/wp\/v2\/users\/1"}],"replies":[{"embeddable":true,"href":"https:\/\/www.enhydra-games.com\/de_AT\/wp-json\/wp\/v2\/comments?post=687"}],"version-history":[{"count":119,"href":"https:\/\/www.enhydra-games.com\/de_AT\/wp-json\/wp\/v2\/pages\/687\/revisions"}],"predecessor-version":[{"id":1775,"href":"https:\/\/www.enhydra-games.com\/de_AT\/wp-json\/wp\/v2\/pages\/687\/revisions\/1775"}],"wp:attachment":[{"href":"https:\/\/www.enhydra-games.com\/de_AT\/wp-json\/wp\/v2\/media?parent=687"}],"curies":[{"name":"wp","href":"https:\/\/api.w.org\/{rel}","templated":true}]}}