{"id":311,"date":"2022-06-14T23:10:41","date_gmt":"2022-06-14T22:10:41","guid":{"rendered":"https:\/\/enhydra-games.com\/?page_id=311"},"modified":"2026-04-21T10:31:05","modified_gmt":"2026-04-21T10:31:05","slug":"jobs","status":"publish","type":"page","link":"https:\/\/www.enhydra-games.com\/de_AT\/jobs\/","title":{"rendered":"Jobs"},"content":{"rendered":"<div style=\"height:100px\" aria-hidden=\"true\" class=\"wp-block-spacer\"><\/div>\n\n\n\n<div class=\"wp-block-group is-layout-constrained wp-container-core-group-is-layout-4383d167 wp-block-group-is-layout-constrained\">\n<div class=\"wp-block-group dl-dark-neglect dark-bg-color is-layout-flow wp-block-group-is-layout-flow\" style=\"margin-top:0;margin-bottom:0\">\n<div class=\"wp-block-media-text is-stacked-on-mobile is-vertically-aligned-center has-white-background-color has-background\" style=\"margin-right:0;margin-left:0;grid-template-columns:15% auto\"><figure class=\"wp-block-media-text__media\"><img loading=\"lazy\" decoding=\"async\" width=\"404\" height=\"492\" src=\"https:\/\/test.enhydra-games.com\/wp-content\/uploads\/2026\/02\/Eimerboy_wThis1.png\" alt=\"\" class=\"wp-image-844 size-full\" srcset=\"https:\/\/www.enhydra-games.com\/wp-content\/uploads\/2026\/02\/Eimerboy_wThis1.png 404w, https:\/\/www.enhydra-games.com\/wp-content\/uploads\/2026\/02\/Eimerboy_wThis1-246x300.png 246w, https:\/\/www.enhydra-games.com\/wp-content\/uploads\/2026\/02\/Eimerboy_wThis1-10x12.png 10w\" sizes=\"auto, (max-width: 404px) 100vw, 404px\" \/><\/figure><div class=\"wp-block-media-text__content\">\n<h2 class=\"wp-block-heading\">Offene Stellen<\/h2>\n\n\n\n<p class=\"has-large-font-size\" style=\"border-top-left-radius:8px;border-top-right-radius:8px;border-bottom-left-radius:8px;border-bottom-right-radius:8px\">Leider haben wir zurzeit keine offenen Stellen bei Enhydra Games.<br>Aufgrund unserer Struktur und Firmenform ist es uns zurzeit auch nicht m\u00f6glich Praktika oder \u00e4hnliche Programme anzubieten.<br>Sollte sich irgendetwas davon \u00e4ndern werden wir diese Seite damit aktualisieren. \ud83d\ude0a<\/p>\n\n\n\n<div style=\"height:50px\" aria-hidden=\"true\" class=\"wp-block-spacer\"><\/div>\n<\/div><\/div>\n<\/div>\n<\/div>","protected":false},"excerpt":{"rendered":"<p>Available Jobs Sadly, there are currently no open positions at our company.Due to our structure and company setup, we are at the moment also unable to offer any internships or guidance for similar programs.If any of this should change, this page will be updated accordingly. \ud83d\ude0a<\/p>","protected":false},"author":1,"featured_media":0,"parent":0,"menu_order":0,"comment_status":"closed","ping_status":"closed","template":"","meta":{"footnotes":""},"class_list":["post-311","page","type-page","status-publish","hentry"],"jetpack_sharing_enabled":true,"_links":{"self":[{"href":"https:\/\/www.enhydra-games.com\/de_AT\/wp-json\/wp\/v2\/pages\/311","targetHints":{"allow":["GET"]}}],"collection":[{"href":"https:\/\/www.enhydra-games.com\/de_AT\/wp-json\/wp\/v2\/pages"}],"about":[{"href":"https:\/\/www.enhydra-games.com\/de_AT\/wp-json\/wp\/v2\/types\/page"}],"author":[{"embeddable":true,"href":"https:\/\/www.enhydra-games.com\/de_AT\/wp-json\/wp\/v2\/users\/1"}],"replies":[{"embeddable":true,"href":"https:\/\/www.enhydra-games.com\/de_AT\/wp-json\/wp\/v2\/comments?post=311"}],"version-history":[{"count":9,"href":"https:\/\/www.enhydra-games.com\/de_AT\/wp-json\/wp\/v2\/pages\/311\/revisions"}],"predecessor-version":[{"id":1776,"href":"https:\/\/www.enhydra-games.com\/de_AT\/wp-json\/wp\/v2\/pages\/311\/revisions\/1776"}],"wp:attachment":[{"href":"https:\/\/www.enhydra-games.com\/de_AT\/wp-json\/wp\/v2\/media?parent=311"}],"curies":[{"name":"wp","href":"https:\/\/api.w.org\/{rel}","templated":true}]}}